{"id":38,"date":"2018-09-27T18:38:53","date_gmt":"2018-09-27T18:38:53","guid":{"rendered":"https:\/\/creatupagina.cl\/?page_id=38"},"modified":"2021-11-14T23:36:07","modified_gmt":"2021-11-14T23:36:07","slug":"paso-2-registro-hosting","status":"publish","type":"page","link":"https:\/\/creatupagina.cl\/index.php\/paso-2-registro-hosting\/","title":{"rendered":"Paso 2: Registro Hosting"},"content":{"rendered":"<p><img data-recalc-dims=\"1\" decoding=\"async\" width=\"586\" height=\"159\" src=\"https:\/\/i0.wp.com\/creatupagina.cl\/wp-content\/uploads\/2020\/03\/image043.png?resize=586%2C159&#038;ssl=1\" alt=\"\" loading=\"lazy\" srcset=\"https:\/\/i0.wp.com\/creatupagina.cl\/wp-content\/uploads\/2020\/03\/image043.png?w=586&amp;ssl=1 586w, https:\/\/i0.wp.com\/creatupagina.cl\/wp-content\/uploads\/2020\/03\/image043.png?resize=300%2C81&amp;ssl=1 300w\" sizes=\"auto, (max-width: 586px) 100vw, 586px\" \/><br \/>\n\t\t\t\t\t\t\t\t\t\t\t\t<img data-recalc-dims=\"1\" decoding=\"async\" width=\"150\" height=\"150\" src=\"https:\/\/i0.wp.com\/creatupagina.cl\/wp-content\/uploads\/2018\/11\/cerebro.png?resize=150%2C150&#038;ssl=1\" alt=\"\" loading=\"lazy\" srcset=\"https:\/\/i0.wp.com\/creatupagina.cl\/wp-content\/uploads\/2018\/11\/cerebro.png?resize=150%2C150&amp;ssl=1 150w, https:\/\/i0.wp.com\/creatupagina.cl\/wp-content\/uploads\/2018\/11\/cerebro.png?resize=300%2C300&amp;ssl=1 300w, https:\/\/i0.wp.com\/creatupagina.cl\/wp-content\/uploads\/2018\/11\/cerebro.png?w=661&amp;ssl=1 661w\" sizes=\"auto, (max-width: 150px) 100vw, 150px\" \/>\t\t\t\t\t\t\t\t\t\t\t\t\t\t<\/p>\n<h2>Antes de empezar el Paso 2, quiero reiterar lo que ya hablamos en el paso 1.<\/h2>\n<p>\t\t\tATENCION<br \/>\n\t\t\t\t\t\t\tEl hosting es el servidor donde se subir\u00e1 los archivos de la web. UN HOSTING BUENO IMPLICA QUE NO DEBER\u00cdA CAERSE, NI SER LENTO PARA ABRIR SU P\u00c1GINA WEB. Esta elecci\u00f3n es libre para usted de donde comprarla. En este tutorial aprenderemos a registrarnos en el hosting \u00abChileexpertos.cl\u00bb (recomendado por lo estable, barato y r\u00e1pido). CHILEEXPERTOS NO TIENE RELACI\u00d3N COMERCIAL CON CREATUPAGINA.CL<br \/>\n\t\t\t\t\t\t\t\t\t\t<button type=\"button\"><br \/>\n\t\t\t\t\t&times;<br \/>\n\t\t\t\t\tDescartar alerta<br \/>\n\t\t\t\t<\/button><\/p>\n<p>Bueno, si su elecci\u00f3n ha sido subir su p\u00e1gina web a Chileexpertos y comprar este servicio de hosting, deberemos ingresar a su web <a href=\"https:\/\/chileexpertos.cl\/\" target=\"_blank\" rel=\"noopener\">https:\/\/chileexpertos.cl\/<\/a><br \/>La p\u00e1gina web de ellos se ve as\u00ed:<\/p>\n<p>\t\t\t\t\t\t\t\t\t\t\t\t<img data-recalc-dims=\"1\" decoding=\"async\" width=\"1024\" height=\"523\" src=\"https:\/\/i0.wp.com\/creatupagina.cl\/wp-content\/uploads\/2020\/03\/image001-1.png?resize=1024%2C523&#038;ssl=1\" alt=\"\" loading=\"lazy\" srcset=\"https:\/\/i2.wp.com\/creatupagina.cl\/wp-content\/uploads\/2020\/03\/image001-1.png?resize=1024%2C523&amp;ssl=1 1024w, https:\/\/i2.wp.com\/creatupagina.cl\/wp-content\/uploads\/2020\/03\/image001-1.png?resize=300%2C153&amp;ssl=1 300w, https:\/\/i2.wp.com\/creatupagina.cl\/wp-content\/uploads\/2020\/03\/image001-1.png?resize=768%2C392&amp;ssl=1 768w, https:\/\/i2.wp.com\/creatupagina.cl\/wp-content\/uploads\/2020\/03\/image001-1.png?w=1747&amp;ssl=1 1747w\" sizes=\"auto, (max-width: 1024px) 100vw, 1024px\" \/>\t\t\t\t\t\t\t\t\t\t\t\t\t\t<\/p>\n<p>Debemos ingresar al men\u00fa \u00abServicios \/ Hosting\u00bb<\/p>\n<p>\t\t\t\t\t\t\t\t\t\t\t\t<img data-recalc-dims=\"1\" decoding=\"async\" width=\"1024\" height=\"382\" src=\"https:\/\/i0.wp.com\/creatupagina.cl\/wp-content\/uploads\/2020\/03\/image003.png?resize=1024%2C382&#038;ssl=1\" alt=\"\" loading=\"lazy\" srcset=\"https:\/\/i1.wp.com\/creatupagina.cl\/wp-content\/uploads\/2020\/03\/image003.png?resize=1024%2C382&amp;ssl=1 1024w, https:\/\/i1.wp.com\/creatupagina.cl\/wp-content\/uploads\/2020\/03\/image003.png?resize=300%2C112&amp;ssl=1 300w, https:\/\/i1.wp.com\/creatupagina.cl\/wp-content\/uploads\/2020\/03\/image003.png?resize=768%2C286&amp;ssl=1 768w, https:\/\/i1.wp.com\/creatupagina.cl\/wp-content\/uploads\/2020\/03\/image003.png?w=1350&amp;ssl=1 1350w\" sizes=\"auto, (max-width: 1024px) 100vw, 1024px\" \/>\t\t\t\t\t\t\t\t\t\t\t\t\t\t<\/p>\n<p>Nos aparecer\u00e1n los distintos tipos de planes hacia abajo, pero por ahora pincharemos el bot\u00f3n \u00abELEGIR\u00bb al plan de $24.000 anuales.<br \/>(Este plan sirve para la gran mayor\u00eda de las p\u00e1ginas web .cl, y en caso de si no es suficiente a futuro, se contacta al hosting y se paga la diferencia por un plan mayor).<\/p>\n<p>\t\t\t\t\t\t\t\t\t\t\t\t<img data-recalc-dims=\"1\" decoding=\"async\" width=\"1024\" height=\"756\" src=\"https:\/\/i0.wp.com\/creatupagina.cl\/wp-content\/uploads\/2020\/03\/image005.png?resize=1024%2C756&#038;ssl=1\" alt=\"\" loading=\"lazy\" srcset=\"https:\/\/i1.wp.com\/creatupagina.cl\/wp-content\/uploads\/2020\/03\/image005.png?resize=1024%2C756&amp;ssl=1 1024w, https:\/\/i1.wp.com\/creatupagina.cl\/wp-content\/uploads\/2020\/03\/image005.png?resize=300%2C222&amp;ssl=1 300w, https:\/\/i1.wp.com\/creatupagina.cl\/wp-content\/uploads\/2020\/03\/image005.png?resize=768%2C567&amp;ssl=1 768w, https:\/\/i1.wp.com\/creatupagina.cl\/wp-content\/uploads\/2020\/03\/image005.png?w=1399&amp;ssl=1 1399w\" sizes=\"auto, (max-width: 1024px) 100vw, 1024px\" \/>\t\t\t\t\t\t\t\t\t\t\t\t\t\t<\/p>\n<p>(*) editando esta imagen, ya no existe el plan de $11.000 sino de $24.000 anuales<\/p>\n<p>Cuando lleguemos a esta p\u00e1gina, no hay que escribir el dominio que compramos en el Paso 1, sino pinchar en la siguiente pesta\u00f1a, llamada \u00abYo usar\u00e9 mi propio dominio\u00bb:<\/p>\n<p>\t\t\t\t\t\t\t\t\t\t\t\t<img data-recalc-dims=\"1\" decoding=\"async\" width=\"1024\" height=\"436\" src=\"https:\/\/i0.wp.com\/creatupagina.cl\/wp-content\/uploads\/2020\/03\/image007.png?resize=1024%2C436&#038;ssl=1\" alt=\"\" loading=\"lazy\" srcset=\"https:\/\/i0.wp.com\/creatupagina.cl\/wp-content\/uploads\/2020\/03\/image007.png?resize=1024%2C436&amp;ssl=1 1024w, https:\/\/i0.wp.com\/creatupagina.cl\/wp-content\/uploads\/2020\/03\/image007.png?resize=300%2C128&amp;ssl=1 300w, https:\/\/i0.wp.com\/creatupagina.cl\/wp-content\/uploads\/2020\/03\/image007.png?resize=768%2C327&amp;ssl=1 768w, https:\/\/i0.wp.com\/creatupagina.cl\/wp-content\/uploads\/2020\/03\/image007.png?w=1721&amp;ssl=1 1721w\" sizes=\"auto, (max-width: 1024px) 100vw, 1024px\" \/>\t\t\t\t\t\t\t\t\t\t\t\t\t\t<\/p>\n<p>Ahora si podemos ingresar el dominio ya comprado (colocando el \u00abcl\u00bb sin punto, en la segunda celda), y luego pinchar \u00abUSAR\u00bb<\/p>\n<p>\t\t\t\t\t\t\t\t\t\t\t\t<img data-recalc-dims=\"1\" decoding=\"async\" width=\"1024\" height=\"413\" src=\"https:\/\/i0.wp.com\/creatupagina.cl\/wp-content\/uploads\/2020\/03\/image009.png?resize=1024%2C413&#038;ssl=1\" alt=\"\" loading=\"lazy\" srcset=\"https:\/\/i0.wp.com\/creatupagina.cl\/wp-content\/uploads\/2020\/03\/image009.png?resize=1024%2C413&amp;ssl=1 1024w, https:\/\/i0.wp.com\/creatupagina.cl\/wp-content\/uploads\/2020\/03\/image009.png?resize=300%2C121&amp;ssl=1 300w, https:\/\/i0.wp.com\/creatupagina.cl\/wp-content\/uploads\/2020\/03\/image009.png?resize=768%2C310&amp;ssl=1 768w, https:\/\/i0.wp.com\/creatupagina.cl\/wp-content\/uploads\/2020\/03\/image009.png?w=1722&amp;ssl=1 1722w\" sizes=\"auto, (max-width: 1024px) 100vw, 1024px\" \/>\t\t\t\t\t\t\t\t\t\t\t\t\t\t<\/p>\n<p>En la pr\u00f3xima p\u00e1gina sale predeterminado contratar s\u00f3lo 1 mes, deberemos pinchar esta pesta\u00f1a para elegir opci\u00f3n $11.000 anual<\/p>\n<p>\t\t\t\t\t\t\t\t\t\t\t\t<img data-recalc-dims=\"1\" decoding=\"async\" width=\"1024\" height=\"530\" src=\"https:\/\/i0.wp.com\/creatupagina.cl\/wp-content\/uploads\/2020\/03\/image011.png?resize=1024%2C530&#038;ssl=1\" alt=\"\" loading=\"lazy\" srcset=\"https:\/\/i1.wp.com\/creatupagina.cl\/wp-content\/uploads\/2020\/03\/image011.png?resize=1024%2C530&amp;ssl=1 1024w, https:\/\/i1.wp.com\/creatupagina.cl\/wp-content\/uploads\/2020\/03\/image011.png?resize=300%2C155&amp;ssl=1 300w, https:\/\/i1.wp.com\/creatupagina.cl\/wp-content\/uploads\/2020\/03\/image011.png?resize=768%2C398&amp;ssl=1 768w, https:\/\/i1.wp.com\/creatupagina.cl\/wp-content\/uploads\/2020\/03\/image011.png?w=1722&amp;ssl=1 1722w\" sizes=\"auto, (max-width: 1024px) 100vw, 1024px\" \/>\t\t\t\t\t\t\t\t\t\t\t\t\t\t<\/p>\n<p>(*) editando esta imagen, ya no existe el plan de $11.000 sino de $24.000 anuales<\/p>\n<p>Elegimos principalmente esta opci\u00f3n de $11.000 cada 1 a\u00f1o, para pagar a\u00f1o a a\u00f1o junto con nuestro dominio .cl comprado en NIC, y as\u00ed tener un mejor orden en nuestros pagos de mantenci\u00f3n de nuestra web.<\/p>\n<p>\t\t\t\t\t\t\t\t\t\t\t\t<img data-recalc-dims=\"1\" decoding=\"async\" width=\"1024\" height=\"451\" src=\"https:\/\/i0.wp.com\/creatupagina.cl\/wp-content\/uploads\/2020\/03\/image013-1.png?resize=1024%2C451&#038;ssl=1\" alt=\"\" loading=\"lazy\" srcset=\"https:\/\/i0.wp.com\/creatupagina.cl\/wp-content\/uploads\/2020\/03\/image013-1.png?resize=1024%2C451&amp;ssl=1 1024w, https:\/\/i0.wp.com\/creatupagina.cl\/wp-content\/uploads\/2020\/03\/image013-1.png?resize=300%2C132&amp;ssl=1 300w, https:\/\/i0.wp.com\/creatupagina.cl\/wp-content\/uploads\/2020\/03\/image013-1.png?resize=768%2C339&amp;ssl=1 768w, https:\/\/i0.wp.com\/creatupagina.cl\/wp-content\/uploads\/2020\/03\/image013-1.png?w=1302&amp;ssl=1 1302w\" sizes=\"auto, (max-width: 1024px) 100vw, 1024px\" \/>\t\t\t\t\t\t\t\t\t\t\t\t\t\t<\/p>\n<p>(*) editando esta imagen, ya no existe el plan de $11.000 sino de $24.000 anuales<\/p>\n<p>Ahora podremos ver que ya est\u00e1 configurado para procesar por $11.000 anual. Pinchamos en \u00abCONTINUAR\u00bb.<br \/>Nota: En esta p\u00e1gina veremos hacia abajo, varios \u00abComplementos Disponibles\u00bb, los cuales son s\u00f3lo opcionales. Para este caso no es necesario agregar nada de ello.<\/p>\n<p>\t\t\t\t\t\t\t\t\t\t\t\t<img data-recalc-dims=\"1\" decoding=\"async\" width=\"1024\" height=\"532\" src=\"https:\/\/i0.wp.com\/creatupagina.cl\/wp-content\/uploads\/2020\/03\/image015-1.png?resize=1024%2C532&#038;ssl=1\" alt=\"\" loading=\"lazy\" srcset=\"https:\/\/i2.wp.com\/creatupagina.cl\/wp-content\/uploads\/2020\/03\/image015-1.png?resize=1024%2C532&amp;ssl=1 1024w, https:\/\/i2.wp.com\/creatupagina.cl\/wp-content\/uploads\/2020\/03\/image015-1.png?resize=300%2C156&amp;ssl=1 300w, https:\/\/i2.wp.com\/creatupagina.cl\/wp-content\/uploads\/2020\/03\/image015-1.png?resize=768%2C399&amp;ssl=1 768w, https:\/\/i2.wp.com\/creatupagina.cl\/wp-content\/uploads\/2020\/03\/image015-1.png?w=1722&amp;ssl=1 1722w\" sizes=\"auto, (max-width: 1024px) 100vw, 1024px\" \/>\t\t\t\t\t\t\t\t\t\t\t\t\t\t<\/p>\n<p>(*) editando esta imagen, ya no existe el plan de $11.000 sino de $24.000 anuales<\/p>\n<p>En la siguiente p\u00e1gina podremos revisar los datos ingresados para proceder a pinchar bot\u00f3n verde \u00abCOMPRAR\u00bb<\/p>\n<p>\t\t\t\t\t\t\t\t\t\t\t\t<img data-recalc-dims=\"1\" decoding=\"async\" width=\"1024\" height=\"554\" src=\"https:\/\/i0.wp.com\/creatupagina.cl\/wp-content\/uploads\/2020\/03\/image017.png?resize=1024%2C554&#038;ssl=1\" alt=\"\" loading=\"lazy\" srcset=\"https:\/\/i0.wp.com\/creatupagina.cl\/wp-content\/uploads\/2020\/03\/image017.png?resize=1024%2C554&amp;ssl=1 1024w, https:\/\/i0.wp.com\/creatupagina.cl\/wp-content\/uploads\/2020\/03\/image017.png?resize=300%2C162&amp;ssl=1 300w, https:\/\/i0.wp.com\/creatupagina.cl\/wp-content\/uploads\/2020\/03\/image017.png?resize=768%2C416&amp;ssl=1 768w, https:\/\/i0.wp.com\/creatupagina.cl\/wp-content\/uploads\/2020\/03\/image017.png?w=1722&amp;ssl=1 1722w\" sizes=\"auto, (max-width: 1024px) 100vw, 1024px\" \/>\t\t\t\t\t\t\t\t\t\t\t\t\t\t<\/p>\n<p>(*) editando esta imagen, ya no existe el plan de $11.000 sino de $24.000 anuales<\/p>\n<p>Ahora deberemos ingresar nuestros datos para registrarnos en el hosting (arriba tiene la opci\u00f3n alternativa de registrarse con Facebook o Google).<br \/>Una vez completado los datos pinchamos abajo bot\u00f3n azul \u00abCompletar Pedido\u00bb<\/p>\n<p>\t\t\t\t\t\t\t\t\t\t\t\t<img data-recalc-dims=\"1\" decoding=\"async\" width=\"1200\" height=\"1874\" src=\"https:\/\/i0.wp.com\/creatupagina.cl\/wp-content\/uploads\/2020\/03\/image024-1.png?resize=1200%2C1874&#038;ssl=1\" alt=\"\" loading=\"lazy\" srcset=\"https:\/\/i2.wp.com\/creatupagina.cl\/wp-content\/uploads\/2020\/03\/image024-1.png?w=1359&amp;ssl=1 1359w, https:\/\/i2.wp.com\/creatupagina.cl\/wp-content\/uploads\/2020\/03\/image024-1.png?resize=192%2C300&amp;ssl=1 192w, https:\/\/i2.wp.com\/creatupagina.cl\/wp-content\/uploads\/2020\/03\/image024-1.png?resize=768%2C1199&amp;ssl=1 768w, https:\/\/i2.wp.com\/creatupagina.cl\/wp-content\/uploads\/2020\/03\/image024-1.png?resize=656%2C1024&amp;ssl=1 656w\" sizes=\"auto, (max-width: 1359px) 100vw, 1359px\" \/>\t\t\t\t\t\t\t\t\t\t\t\t\t\t<\/p>\n<p>Luego de pinchar \u00abCompletar Pedido\u00bb, la p\u00e1gina demorar\u00e1 aproximadamente 10 segundos en cargar la siguiente p\u00e1gina.<br \/>Esta es la factura con el detalle de lo comprado y los datos de la p\u00e1gina web<\/p>\n<p>\t\t\t\t\t\t\t\t\t\t\t\t<img data-recalc-dims=\"1\" decoding=\"async\" width=\"926\" height=\"896\" src=\"https:\/\/i0.wp.com\/creatupagina.cl\/wp-content\/uploads\/2020\/03\/image027.png?resize=926%2C896&#038;ssl=1\" alt=\"\" loading=\"lazy\" srcset=\"https:\/\/i1.wp.com\/creatupagina.cl\/wp-content\/uploads\/2020\/03\/image027.png?w=926&amp;ssl=1 926w, https:\/\/i1.wp.com\/creatupagina.cl\/wp-content\/uploads\/2020\/03\/image027.png?resize=300%2C290&amp;ssl=1 300w, https:\/\/i1.wp.com\/creatupagina.cl\/wp-content\/uploads\/2020\/03\/image027.png?resize=768%2C743&amp;ssl=1 768w\" sizes=\"auto, (max-width: 926px) 100vw, 926px\" \/>\t\t\t\t\t\t\t\t\t\t\t\t\t\t<\/p>\n<p>(*) editando esta imagen, ya no existe el plan de $11.000 sino de $24.000 anuales<\/p>\n<p>En esta factura estar\u00e1n escritas las distintas opciones de pago online (cuentas bancarias). En caso de dudas al respecto llamar a Chileexpertos al <strong>+569-77440080<\/strong>. Una vez hecha la transferencia tomar contacto con ellos para que les confirmen la recepci\u00f3n correcta de la transferencia.<\/p>\n<p>\t\t\t\t\t\t\t\t\t\t\t\t<img data-recalc-dims=\"1\" decoding=\"async\" width=\"512\" height=\"207\" src=\"https:\/\/i0.wp.com\/creatupagina.cl\/wp-content\/uploads\/2020\/03\/pago-online.jpg?resize=512%2C207&#038;ssl=1\" alt=\"\" loading=\"lazy\" srcset=\"https:\/\/i2.wp.com\/creatupagina.cl\/wp-content\/uploads\/2020\/03\/pago-online.jpg?w=512&amp;ssl=1 512w, https:\/\/i2.wp.com\/creatupagina.cl\/wp-content\/uploads\/2020\/03\/pago-online.jpg?resize=300%2C121&amp;ssl=1 300w\" sizes=\"auto, (max-width: 512px) 100vw, 512px\" \/><br \/>\n\t\t\tATENCION<br \/>\n\t\t\t\t\t\t\tEn caso de que no realicen el pago en esta transferencia bancaria, y confirmaci\u00f3n con ellos, el registro ya hecho anteriormente ser\u00e1 eliminado del sistema de Chileexpertos, en aproximadamente 1 semana.<br \/>\n\t\t\t\t\t\t\t\t\t\t<button type=\"button\"><br \/>\n\t\t\t\t\t&times;<br \/>\n\t\t\t\t\tDescartar alerta<br \/>\n\t\t\t\t<\/button><\/p>\n<p>Ver\u00e1n que les llegaron distintos correos de confirmaci\u00f3n de registro en el hosting, pero el m\u00e1s importante de ellos es el que dice \u00abDatos de su cuenta de Hosting\u00bb<\/p>\n<p>\t\t\t\t\t\t\t\t\t\t\t\t<img data-recalc-dims=\"1\" decoding=\"async\" width=\"1024\" height=\"308\" src=\"https:\/\/i0.wp.com\/creatupagina.cl\/wp-content\/uploads\/2020\/03\/image028-1.png?resize=1024%2C308&#038;ssl=1\" alt=\"\" loading=\"lazy\" srcset=\"https:\/\/i1.wp.com\/creatupagina.cl\/wp-content\/uploads\/2020\/03\/image028-1.png?resize=1024%2C308&amp;ssl=1 1024w, https:\/\/i1.wp.com\/creatupagina.cl\/wp-content\/uploads\/2020\/03\/image028-1.png?resize=300%2C90&amp;ssl=1 300w, https:\/\/i1.wp.com\/creatupagina.cl\/wp-content\/uploads\/2020\/03\/image028-1.png?resize=768%2C231&amp;ssl=1 768w, https:\/\/i1.wp.com\/creatupagina.cl\/wp-content\/uploads\/2020\/03\/image028-1.png?w=1740&amp;ssl=1 1740w\" sizes=\"auto, (max-width: 1024px) 100vw, 1024px\" \/>\t\t\t\t\t\t\t\t\t\t\t\t\t\t<\/p>\n<p>Es el m\u00e1s importante debido a que aqu\u00ed obtendremos el acceso a nuestro centro de panel del hosting, o m\u00e1s conocido como \u00abCPANEL\u00bb<\/p>\n<p>\t\t\t\t\t\t\t\t\t\t\t\t<img data-recalc-dims=\"1\" decoding=\"async\" width=\"1024\" height=\"586\" src=\"https:\/\/i0.wp.com\/creatupagina.cl\/wp-content\/uploads\/2020\/03\/image033.png?resize=1024%2C586&#038;ssl=1\" alt=\"\" loading=\"lazy\" srcset=\"https:\/\/i2.wp.com\/creatupagina.cl\/wp-content\/uploads\/2020\/03\/image033.png?resize=1024%2C586&amp;ssl=1 1024w, https:\/\/i2.wp.com\/creatupagina.cl\/wp-content\/uploads\/2020\/03\/image033.png?resize=300%2C172&amp;ssl=1 300w, https:\/\/i2.wp.com\/creatupagina.cl\/wp-content\/uploads\/2020\/03\/image033.png?resize=768%2C439&amp;ssl=1 768w, https:\/\/i2.wp.com\/creatupagina.cl\/wp-content\/uploads\/2020\/03\/image033.png?w=1391&amp;ssl=1 1391w\" sizes=\"auto, (max-width: 1024px) 100vw, 1024px\" \/>\t\t\t\t\t\t\t\t\t\t\t\t\t\t<\/p>\n<p>Ese usuario y contrase\u00f1a debemos ingresarlo en nuestra pagina web terminada en \u00ab\/cpanel\u00bb, es decir en este caso en:<br \/><strong>http:\/\/www.ejemplodecreatupagina.cl\/cpanel<\/strong><br \/>El acceso al cpanel se ve as\u00ed:<\/p>\n<p>\t\t\t\t\t\t\t\t\t\t\t\t<img data-recalc-dims=\"1\" decoding=\"async\" width=\"1024\" height=\"751\" src=\"https:\/\/i0.wp.com\/creatupagina.cl\/wp-content\/uploads\/2020\/03\/image034.png?resize=1024%2C751&#038;ssl=1\" alt=\"\" loading=\"lazy\" srcset=\"https:\/\/i1.wp.com\/creatupagina.cl\/wp-content\/uploads\/2020\/03\/image034.png?resize=1024%2C751&amp;ssl=1 1024w, https:\/\/i1.wp.com\/creatupagina.cl\/wp-content\/uploads\/2020\/03\/image034.png?resize=300%2C220&amp;ssl=1 300w, https:\/\/i1.wp.com\/creatupagina.cl\/wp-content\/uploads\/2020\/03\/image034.png?resize=768%2C563&amp;ssl=1 768w, https:\/\/i1.wp.com\/creatupagina.cl\/wp-content\/uploads\/2020\/03\/image034.png?w=1479&amp;ssl=1 1479w\" sizes=\"auto, (max-width: 1024px) 100vw, 1024px\" \/>\t\t\t\t\t\t\t\t\t\t\t\t\t\t<\/p>\n<p>En caso que a\u00fan no les aparezca esa p\u00e1gina para ingresar el usuario y contrase\u00f1a, se debe a que a\u00fan NIC est\u00e1 en sincronizaci\u00f3n con el hosting. Ellos indican oficialmente que se demoran aproximadamente 24 horas, pero en la pr\u00e1ctica se demora entre 30 y 60 minutos desde que completamos el Paso 1 (compra del dominio .cl).<br \/>\u00bfC\u00f3mo saber cuando ya est\u00e9 sincronizado y listo para usar Cpanel?<br \/>F\u00e1cil! S\u00f3lo debemos entrar a nuestra web y esperar a que cambie la imagen de la columna izquierda a que nos muestre algo similar a lo mostrado en la columna derecha:<\/p>\n<p>\t\t\t\t\t\t\t\t\t\t\t\t<img data-recalc-dims=\"1\" decoding=\"async\" width=\"1024\" height=\"537\" src=\"https:\/\/i0.wp.com\/creatupagina.cl\/wp-content\/uploads\/2020\/03\/image036.png?resize=1024%2C537&#038;ssl=1\" alt=\"\" loading=\"lazy\" srcset=\"https:\/\/i1.wp.com\/creatupagina.cl\/wp-content\/uploads\/2020\/03\/image036.png?resize=1024%2C537&amp;ssl=1 1024w, https:\/\/i1.wp.com\/creatupagina.cl\/wp-content\/uploads\/2020\/03\/image036.png?resize=300%2C157&amp;ssl=1 300w, https:\/\/i1.wp.com\/creatupagina.cl\/wp-content\/uploads\/2020\/03\/image036.png?resize=768%2C403&amp;ssl=1 768w, https:\/\/i1.wp.com\/creatupagina.cl\/wp-content\/uploads\/2020\/03\/image036.png?resize=1536%2C806&amp;ssl=1 1536w, https:\/\/i1.wp.com\/creatupagina.cl\/wp-content\/uploads\/2020\/03\/image036.png?w=1901&amp;ssl=1 1901w\" sizes=\"auto, (max-width: 1024px) 100vw, 1024px\" \/>\t\t\t\t\t\t\t\t\t\t\t\t\t\t<\/p>\n<p>Si ya nos aparece la imagen anterior de la derecha, podremos entrar a nuestro Cpanel. \u00c9ste se ver\u00e1 as\u00ed<\/p>\n<p>\t\t\t\t\t\t\t\t\t\t\t\t<img data-recalc-dims=\"1\" decoding=\"async\" width=\"1200\" height=\"540\" src=\"https:\/\/i0.wp.com\/creatupagina.cl\/wp-content\/uploads\/2020\/03\/image041.png?resize=1200%2C540&#038;ssl=1\" alt=\"\" loading=\"lazy\" srcset=\"https:\/\/i2.wp.com\/creatupagina.cl\/wp-content\/uploads\/2020\/03\/image041.png?w=1481&amp;ssl=1 1481w, https:\/\/i2.wp.com\/creatupagina.cl\/wp-content\/uploads\/2020\/03\/image041.png?resize=300%2C135&amp;ssl=1 300w, https:\/\/i2.wp.com\/creatupagina.cl\/wp-content\/uploads\/2020\/03\/image041.png?resize=1024%2C460&amp;ssl=1 1024w, https:\/\/i2.wp.com\/creatupagina.cl\/wp-content\/uploads\/2020\/03\/image041.png?resize=768%2C345&amp;ssl=1 768w\" sizes=\"auto, (max-width: 1481px) 100vw, 1481px\" \/><br \/>\n\t\t\t\t\t\t\t\t\t\t\t\t<img data-recalc-dims=\"1\" decoding=\"async\" width=\"150\" height=\"150\" src=\"https:\/\/i0.wp.com\/creatupagina.cl\/wp-content\/uploads\/2018\/11\/cerebro.png?resize=150%2C150&#038;ssl=1\" alt=\"\" loading=\"lazy\" srcset=\"https:\/\/i0.wp.com\/creatupagina.cl\/wp-content\/uploads\/2018\/11\/cerebro.png?resize=150%2C150&amp;ssl=1 150w, https:\/\/i0.wp.com\/creatupagina.cl\/wp-content\/uploads\/2018\/11\/cerebro.png?resize=300%2C300&amp;ssl=1 300w, https:\/\/i0.wp.com\/creatupagina.cl\/wp-content\/uploads\/2018\/11\/cerebro.png?w=661&amp;ssl=1 661w\" sizes=\"auto, (max-width: 150px) 100vw, 150px\" \/>\t\t\t\t\t\t\t\t\t\t\t\t\t\t<\/p>\n<h2>\u00a1Felicidades!<\/h2>\n<h2>Haz completado el Paso 2, ahora puedes pasar al Paso 3 pinchando el siguiente bot\u00f3n:<\/h2>\n<p>\t\t\t\t\t\t\t\t\t\t\t\t\t<a href=\"https:\/\/creatupagina.cl\/index.php\/paso-3-creacion-configuracion-correo-corporativo\/\"><br \/>\n\t\t\t\t\t\t\t<img data-recalc-dims=\"1\" decoding=\"async\" width=\"587\" height=\"160\" src=\"https:\/\/i0.wp.com\/creatupagina.cl\/wp-content\/uploads\/2020\/03\/image044.png?resize=587%2C160&#038;ssl=1\" alt=\"\" loading=\"lazy\" srcset=\"https:\/\/i0.wp.com\/creatupagina.cl\/wp-content\/uploads\/2020\/03\/image044.png?w=587&amp;ssl=1 587w, https:\/\/i0.wp.com\/creatupagina.cl\/wp-content\/uploads\/2020\/03\/image044.png?resize=300%2C82&amp;ssl=1 300w\" sizes=\"auto, (max-width: 587px) 100vw, 587px\" \/>\t\t\t\t\t\t\t\t<\/a><\/p>\n","protected":false},"excerpt":{"rendered":"<p>Antes de empezar el Paso 2, quiero reiterar lo que ya hablamos en el paso 1. ATENCION El hosting es el servidor donde se subir\u00e1 los archivos de la web. UN HOSTING BUENO IMPLICA QUE NO DEBER\u00cdA CAERSE, NI SER LENTO PARA ABRIR SU P\u00c1GINA WEB. Esta elecci\u00f3n es libre para usted de donde comprarla. [&hellip;]<\/p>\n","protected":false},"author":1,"featured_media":0,"parent":0,"menu_order":0,"comment_status":"closed","ping_status":"closed","template":"elementor_header_footer","meta":{"ocean_post_layout":"","ocean_both_sidebars_style":"","ocean_both_sidebars_content_width":0,"ocean_both_sidebars_sidebars_width":0,"ocean_sidebar":"0","ocean_second_sidebar":"0","ocean_disable_margins":"enable","ocean_add_body_class":"","ocean_shortcode_before_top_bar":"","ocean_shortcode_after_top_bar":"","ocean_shortcode_before_header":"","ocean_shortcode_after_header":"","ocean_has_shortcode":"","ocean_shortcode_after_title":"","ocean_shortcode_before_footer_widgets":"","ocean_shortcode_after_footer_widgets":"","ocean_shortcode_before_footer_bottom":"","ocean_shortcode_after_footer_bottom":"","ocean_display_top_bar":"default","ocean_display_header":"default","ocean_header_style":"","ocean_center_header_left_menu":"0","ocean_custom_header_template":"0","ocean_custom_logo":0,"ocean_custom_retina_logo":0,"ocean_custom_logo_max_width":0,"ocean_custom_logo_tablet_max_width":0,"ocean_custom_logo_mobile_max_width":0,"ocean_custom_logo_max_height":0,"ocean_custom_logo_tablet_max_height":0,"ocean_custom_logo_mobile_max_height":0,"ocean_header_custom_menu":"0","ocean_menu_typo_font_family":"0","ocean_menu_typo_font_subset":"","ocean_menu_typo_font_size":0,"ocean_menu_typo_font_size_tablet":0,"ocean_menu_typo_font_size_mobile":0,"ocean_menu_typo_font_size_unit":"px","ocean_menu_typo_font_weight":"","ocean_menu_typo_font_weight_tablet":"","ocean_menu_typo_font_weight_mobile":"","ocean_menu_typo_transform":"","ocean_menu_typo_transform_tablet":"","ocean_menu_typo_transform_mobile":"","ocean_menu_typo_line_height":0,"ocean_menu_typo_line_height_tablet":0,"ocean_menu_typo_line_height_mobile":0,"ocean_menu_typo_line_height_unit":"","ocean_menu_typo_spacing":0,"ocean_menu_typo_spacing_tablet":0,"ocean_menu_typo_spacing_mobile":0,"ocean_menu_typo_spacing_unit":"","ocean_menu_link_color":"","ocean_menu_link_color_hover":"","ocean_menu_link_color_active":"","ocean_menu_link_background":"","ocean_menu_link_hover_background":"","ocean_menu_link_active_background":"","ocean_menu_social_links_bg":"","ocean_menu_social_hover_links_bg":"","ocean_menu_social_links_color":"","ocean_menu_social_hover_links_color":"","ocean_disable_title":"default","ocean_disable_heading":"default","ocean_post_title":"","ocean_post_subheading":"","ocean_post_title_style":"","ocean_post_title_background_color":"","ocean_post_title_background":0,"ocean_post_title_bg_image_position":"","ocean_post_title_bg_image_attachment":"","ocean_post_title_bg_image_repeat":"","ocean_post_title_bg_image_size":"","ocean_post_title_height":0,"ocean_post_title_bg_overlay":0.5,"ocean_post_title_bg_overlay_color":"","ocean_disable_breadcrumbs":"default","ocean_breadcrumbs_color":"","ocean_breadcrumbs_separator_color":"","ocean_breadcrumbs_links_color":"","ocean_breadcrumbs_links_hover_color":"","ocean_display_footer_widgets":"default","ocean_display_footer_bottom":"default","ocean_custom_footer_template":"0","jetpack_post_was_ever_published":false,"footnotes":""},"class_list":["post-38","page","type-page","status-publish","hentry","entry"],"jetpack_sharing_enabled":true,"jetpack_shortlink":"https:\/\/wp.me\/PagztI-C","jetpack-related-posts":[],"_links":{"self":[{"href":"https:\/\/creatupagina.cl\/index.php\/wp-json\/wp\/v2\/pages\/38","targetHints":{"allow":["GET"]}}],"collection":[{"href":"https:\/\/creatupagina.cl\/index.php\/wp-json\/wp\/v2\/pages"}],"about":[{"href":"https:\/\/creatupagina.cl\/index.php\/wp-json\/wp\/v2\/types\/page"}],"author":[{"embeddable":true,"href":"https:\/\/creatupagina.cl\/index.php\/wp-json\/wp\/v2\/users\/1"}],"replies":[{"embeddable":true,"href":"https:\/\/creatupagina.cl\/index.php\/wp-json\/wp\/v2\/comments?post=38"}],"version-history":[{"count":13,"href":"https:\/\/creatupagina.cl\/index.php\/wp-json\/wp\/v2\/pages\/38\/revisions"}],"predecessor-version":[{"id":740,"href":"https:\/\/creatupagina.cl\/index.php\/wp-json\/wp\/v2\/pages\/38\/revisions\/740"}],"wp:attachment":[{"href":"https:\/\/creatupagina.cl\/index.php\/wp-json\/wp\/v2\/media?parent=38"}],"curies":[{"name":"wp","href":"https:\/\/api.w.org\/{rel}","templated":true}]}}